{"id":12,"date":"2016-09-12T13:22:15","date_gmt":"2016-09-12T11:22:15","guid":{"rendered":"http:\/\/votre-carreleur.com\/?page_id=12"},"modified":"2022-01-29T17:15:37","modified_gmt":"2022-01-29T16:15:37","slug":"le-bureau","status":"publish","type":"page","link":"https:\/\/votre-carreleur.com\/index.php\/le-bureau\/","title":{"rendered":"Le bureau"},"content":{"rendered":"<div id=\"pl-12\"  class=\"panel-layout\" ><div id=\"pg-12-0\"  class=\"panel-grid panel-no-style\" ><div id=\"pgc-12-0-0\"  class=\"panel-grid-cell\" ><div id=\"panel-12-0-0-0\" class=\"so-panel widget widget_sow-image panel-first-child panel-last-child\" data-index=\"0\" ><div class=\"so-widget-sow-image so-widget-sow-image-default-4b231843ec72-12\">\n\n<div class=\"sow-image-container\">\n\t\t<img src=\"https:\/\/votre-carreleur.com\/wp-content\/uploads\/2022\/01\/polaVireg-e1643472854202.png\" width=\"1500\" height=\"1830\" sizes=\"(max-width: 1500px) 100vw, 1500px\" title=\"M.Cedric Jouclar\" alt=\"Photo Cedric Jouclar\" loading=\"lazy\" \t\tclass=\"so-widget-image\"\/>\n\t<\/div>\n\n<\/div><\/div><\/div><div id=\"pgc-12-0-1\"  class=\"panel-grid-cell\" ><div id=\"panel-12-0-1-0\" class=\"so-panel widget widget_sow-editor panel-first-child panel-last-child\" data-index=\"1\" ><div class=\"so-widget-sow-editor so-widget-sow-editor-base\"><h3 class=\"widget-title\">Pr\u00e9sident<\/h3>\n<div class=\"siteorigin-widget-tinymce textwidget\">\n\t<p>Mr Cedric Jouclar<br \/>\n5 Rue de Bourgogne<br \/>\n31600 MURET<br \/>\n<i class=\"wp-svg-phone phone\"><\/i> 06 84 06 93 64<br \/>\n<i class=\"wp-svg-envelop envelop\"><\/i><a href=\"mailto: cedric.jouclar@hotmail.fr\"> cedric.jouclar@hotmail.fr<\/a><\/p>\n<\/div>\n<\/div><\/div><\/div><\/div><div id=\"pg-12-1\"  class=\"panel-grid panel-no-style\" ><div id=\"pgc-12-1-0\"  class=\"panel-grid-cell panel-grid-cell-empty\" ><\/div><div id=\"pgc-12-1-1\"  class=\"panel-grid-cell\" ><div id=\"panel-12-1-1-0\" class=\"so-panel widget widget_sow-image panel-first-child panel-last-child\" data-index=\"2\" ><div class=\"so-widget-sow-image so-widget-sow-image-default-d6014b76747a-12\">\n\n<div class=\"sow-image-container\">\n\t\t<img src=\"https:\/\/votre-carreleur.com\/wp-content\/uploads\/2016\/09\/Photo-Jerome.jpg\" width=\"1186\" height=\"1204\" srcset=\"https:\/\/votre-carreleur.com\/wp-content\/uploads\/2016\/09\/Photo-Jerome.jpg 1186w, https:\/\/votre-carreleur.com\/wp-content\/uploads\/2016\/09\/Photo-Jerome-296x300.jpg 296w, https:\/\/votre-carreleur.com\/wp-content\/uploads\/2016\/09\/Photo-Jerome-768x780.jpg 768w, https:\/\/votre-carreleur.com\/wp-content\/uploads\/2016\/09\/Photo-Jerome-1009x1024.jpg 1009w, https:\/\/votre-carreleur.com\/wp-content\/uploads\/2016\/09\/Photo-Jerome-700x711.jpg 700w, https:\/\/votre-carreleur.com\/wp-content\/uploads\/2016\/09\/Photo-Jerome-332x337.jpg 332w\" sizes=\"(max-width: 1186px) 100vw, 1186px\" title=\"Mr Merci\u00e9 J\u00e9r\u00f4me\" alt=\"Photo Bonaldo Alain\" loading=\"lazy\" \t\tclass=\"so-widget-image\"\/>\n\t<\/div>\n\n<\/div><\/div><\/div><div id=\"pgc-12-1-2\"  class=\"panel-grid-cell panel-grid-cell-mobile-last\" ><div id=\"panel-12-1-2-0\" class=\"so-panel widget widget_sow-image panel-first-child panel-last-child\" data-index=\"3\" ><div class=\"so-widget-sow-image so-widget-sow-image-default-d6014b76747a-12\">\n\n<div class=\"sow-image-container\">\n\t\t<img src=\"https:\/\/votre-carreleur.com\/wp-content\/uploads\/2016\/09\/Photo-Yvan.jpg\" width=\"1007\" height=\"1211\" srcset=\"https:\/\/votre-carreleur.com\/wp-content\/uploads\/2016\/09\/Photo-Yvan.jpg 1007w, https:\/\/votre-carreleur.com\/wp-content\/uploads\/2016\/09\/Photo-Yvan-249x300.jpg 249w, https:\/\/votre-carreleur.com\/wp-content\/uploads\/2016\/09\/Photo-Yvan-768x924.jpg 768w, https:\/\/votre-carreleur.com\/wp-content\/uploads\/2016\/09\/Photo-Yvan-852x1024.jpg 852w, https:\/\/votre-carreleur.com\/wp-content\/uploads\/2016\/09\/Photo-Yvan-700x842.jpg 700w, https:\/\/votre-carreleur.com\/wp-content\/uploads\/2016\/09\/Photo-Yvan-332x399.jpg 332w\" sizes=\"(max-width: 1007px) 100vw, 1007px\" title=\"Mr Toffoli Thierry\" alt=\"Photo Augugliaro Yvan\" loading=\"lazy\" \t\tclass=\"so-widget-image\"\/>\n\t<\/div>\n\n<\/div><\/div><\/div><div id=\"pgc-12-1-3\"  class=\"panel-grid-cell panel-grid-cell-empty\" ><\/div><\/div><div id=\"pg-12-2\"  class=\"panel-grid panel-no-style\" ><div id=\"pgc-12-2-0\"  class=\"panel-grid-cell panel-grid-cell-empty\" ><\/div><div id=\"pgc-12-2-1\"  class=\"panel-grid-cell\" ><div id=\"panel-12-2-1-0\" class=\"so-panel widget widget_sow-editor panel-first-child panel-last-child\" data-index=\"4\" ><div class=\"so-widget-sow-editor so-widget-sow-editor-base\"><h3 class=\"widget-title\">Tr\u00e9sorier<\/h3>\n<div class=\"siteorigin-widget-tinymce textwidget\">\n\t<\/div>\n<\/div><\/div><\/div><div id=\"pgc-12-2-2\"  class=\"panel-grid-cell panel-grid-cell-mobile-last\" ><div id=\"panel-12-2-2-0\" class=\"so-panel widget widget_sow-editor panel-first-child panel-last-child\" data-index=\"5\" ><div class=\"so-widget-sow-editor so-widget-sow-editor-base\"><h3 class=\"widget-title\">Secr\u00e9taire<\/h3>\n<div class=\"siteorigin-widget-tinymce textwidget\">\n\t<\/div>\n<\/div><\/div><\/div><div id=\"pgc-12-2-3\"  class=\"panel-grid-cell panel-grid-cell-empty\" ><\/div><\/div><\/div>","protected":false},"excerpt":{"rendered":"<p>Mr Cedric Jouclar 5 Rue de Bourgogne 31600 MURET 06 84 06 93 64 cedric.jouclar@hotmail.fr<\/p>\n","protected":false},"author":1,"featured_media":0,"parent":0,"menu_order":0,"comment_status":"closed","ping_status":"closed","template":"","meta":[],"yoast_head":"<!-- This site is optimized with the Yoast SEO plugin v18.0 - https:\/\/yoast.com\/wordpress\/plugins\/seo\/ -->\n<title>Le bureau - Votre Carreleur<\/title>\n<meta name=\"robots\" content=\"index, follow, max-snippet:-1, max-image-preview:large, max-video-preview:-1\" \/>\n<link rel=\"canonical\" href=\"https:\/\/votre-carreleur.com\/index.php\/le-bureau\/\" \/>\n<meta property=\"og:locale\" content=\"fr_FR\" \/>\n<meta property=\"og:type\" content=\"article\" \/>\n<meta property=\"og:title\" content=\"Le bureau - Votre Carreleur\" \/>\n<meta property=\"og:description\" content=\"Mr Cedric Jouclar 5 Rue de Bourgogne 31600 MURET 06 84 06 93 64 cedric.jouclar@hotmail.fr\" \/>\n<meta property=\"og:url\" content=\"https:\/\/votre-carreleur.com\/index.php\/le-bureau\/\" \/>\n<meta property=\"og:site_name\" content=\"Votre Carreleur\" \/>\n<meta property=\"article:modified_time\" content=\"2022-01-29T16:15:37+00:00\" \/>\n<meta name=\"twitter:card\" content=\"summary\" \/>\n<script type=\"application\/ld+json\" class=\"yoast-schema-graph\">{\"@context\":\"https:\/\/schema.org\",\"@graph\":[{\"@type\":\"WebSite\",\"@id\":\"https:\/\/votre-carreleur.com\/#website\",\"url\":\"https:\/\/votre-carreleur.com\/\",\"name\":\"Votre Carreleur\",\"description\":\"Des professionnels solidaires et fiers de leur m\u00e9tier\",\"potentialAction\":[{\"@type\":\"SearchAction\",\"target\":{\"@type\":\"EntryPoint\",\"urlTemplate\":\"https:\/\/votre-carreleur.com\/?s={search_term_string}\"},\"query-input\":\"required name=search_term_string\"}],\"inLanguage\":\"fr-FR\"},{\"@type\":\"WebPage\",\"@id\":\"https:\/\/votre-carreleur.com\/index.php\/le-bureau\/#webpage\",\"url\":\"https:\/\/votre-carreleur.com\/index.php\/le-bureau\/\",\"name\":\"Le bureau - Votre Carreleur\",\"isPartOf\":{\"@id\":\"https:\/\/votre-carreleur.com\/#website\"},\"datePublished\":\"2016-09-12T11:22:15+00:00\",\"dateModified\":\"2022-01-29T16:15:37+00:00\",\"breadcrumb\":{\"@id\":\"https:\/\/votre-carreleur.com\/index.php\/le-bureau\/#breadcrumb\"},\"inLanguage\":\"fr-FR\",\"potentialAction\":[{\"@type\":\"ReadAction\",\"target\":[\"https:\/\/votre-carreleur.com\/index.php\/le-bureau\/\"]}]},{\"@type\":\"BreadcrumbList\",\"@id\":\"https:\/\/votre-carreleur.com\/index.php\/le-bureau\/#breadcrumb\",\"itemListElement\":[{\"@type\":\"ListItem\",\"position\":1,\"name\":\"Accueil\",\"item\":\"https:\/\/votre-carreleur.com\/\"},{\"@type\":\"ListItem\",\"position\":2,\"name\":\"Le bureau\"}]}]}<\/script>\n<!-- \/ Yoast SEO plugin. -->","yoast_head_json":{"title":"Le bureau - Votre Carreleur","robots":{"index":"index","follow":"follow","max-snippet":"max-snippet:-1","max-image-preview":"max-image-preview:large","max-video-preview":"max-video-preview:-1"},"canonical":"https:\/\/votre-carreleur.com\/index.php\/le-bureau\/","og_locale":"fr_FR","og_type":"article","og_title":"Le bureau - Votre Carreleur","og_description":"Mr Cedric Jouclar 5 Rue de Bourgogne 31600 MURET 06 84 06 93 64 cedric.jouclar@hotmail.fr","og_url":"https:\/\/votre-carreleur.com\/index.php\/le-bureau\/","og_site_name":"Votre Carreleur","article_modified_time":"2022-01-29T16:15:37+00:00","twitter_card":"summary","schema":{"@context":"https:\/\/schema.org","@graph":[{"@type":"WebSite","@id":"https:\/\/votre-carreleur.com\/#website","url":"https:\/\/votre-carreleur.com\/","name":"Votre Carreleur","description":"Des professionnels solidaires et fiers de leur m\u00e9tier","potentialAction":[{"@type":"SearchAction","target":{"@type":"EntryPoint","urlTemplate":"https:\/\/votre-carreleur.com\/?s={search_term_string}"},"query-input":"required name=search_term_string"}],"inLanguage":"fr-FR"},{"@type":"WebPage","@id":"https:\/\/votre-carreleur.com\/index.php\/le-bureau\/#webpage","url":"https:\/\/votre-carreleur.com\/index.php\/le-bureau\/","name":"Le bureau - Votre Carreleur","isPartOf":{"@id":"https:\/\/votre-carreleur.com\/#website"},"datePublished":"2016-09-12T11:22:15+00:00","dateModified":"2022-01-29T16:15:37+00:00","breadcrumb":{"@id":"https:\/\/votre-carreleur.com\/index.php\/le-bureau\/#breadcrumb"},"inLanguage":"fr-FR","potentialAction":[{"@type":"ReadAction","target":["https:\/\/votre-carreleur.com\/index.php\/le-bureau\/"]}]},{"@type":"BreadcrumbList","@id":"https:\/\/votre-carreleur.com\/index.php\/le-bureau\/#breadcrumb","itemListElement":[{"@type":"ListItem","position":1,"name":"Accueil","item":"https:\/\/votre-carreleur.com\/"},{"@type":"ListItem","position":2,"name":"Le bureau"}]}]}},"_links":{"self":[{"href":"https:\/\/votre-carreleur.com\/index.php\/wp-json\/wp\/v2\/pages\/12"}],"collection":[{"href":"https:\/\/votre-carreleur.com\/index.php\/wp-json\/wp\/v2\/pages"}],"about":[{"href":"https:\/\/votre-carreleur.com\/index.php\/wp-json\/wp\/v2\/types\/page"}],"author":[{"embeddable":true,"href":"https:\/\/votre-carreleur.com\/index.php\/wp-json\/wp\/v2\/users\/1"}],"replies":[{"embeddable":true,"href":"https:\/\/votre-carreleur.com\/index.php\/wp-json\/wp\/v2\/comments?post=12"}],"version-history":[{"count":38,"href":"https:\/\/votre-carreleur.com\/index.php\/wp-json\/wp\/v2\/pages\/12\/revisions"}],"predecessor-version":[{"id":314,"href":"https:\/\/votre-carreleur.com\/index.php\/wp-json\/wp\/v2\/pages\/12\/revisions\/314"}],"wp:attachment":[{"href":"https:\/\/votre-carreleur.com\/index.php\/wp-json\/wp\/v2\/media?parent=12"}],"curies":[{"name":"wp","href":"https:\/\/api.w.org\/{rel}","templated":true}]}}