{"id":10,"date":"2016-09-12T13:21:32","date_gmt":"2016-09-12T11:21:32","guid":{"rendered":"http:\/\/votre-carreleur.com\/?page_id=10"},"modified":"2016-09-13T10:18:27","modified_gmt":"2016-09-13T08:18:27","slug":"notre-charte","status":"publish","type":"page","link":"https:\/\/votre-carreleur.com\/index.php\/notre-charte\/","title":{"rendered":"Notre charte"},"content":{"rendered":"<div id=\"pl-10\"  class=\"panel-layout\" ><div id=\"pg-10-0\"  class=\"panel-grid panel-no-style\" ><div id=\"pgc-10-0-0\"  class=\"panel-grid-cell\" ><div id=\"panel-10-0-0-0\" class=\"so-panel widget widget_sow-editor panel-first-child panel-last-child\" data-index=\"0\" ><div class=\"so-widget-sow-editor so-widget-sow-editor-base\">\n<div class=\"siteorigin-widget-tinymce textwidget\">\n\t<h2><span style=\"color: #056365;\">Base de la charte<\/span><\/h2>\n<p>&gt; \u00a0La charte peut \u00eatre r\u00e9actualis\u00e9e \u00e0 chaque r\u00e9union avec la possibilit\u00e9 d'inscrire de nouveaux membres ou d'exclure des membres qui ne la respecteraient pas.<\/p>\n<p>&gt; Elle peut \u00eatre remani\u00e9e \u00e0 tout moment et ce, en fonction de l'\u00e9volution de la profession .\u00a0<\/p>\n<p> &gt; En aucun cas l'Association ne sera responsable d'un d\u00e9sordre ou d'une \u00e9ventuelle attitude irresponsable d'un des membres de l'Association .<\/p>\n<p> &gt; Cette charte est \u00e9tablie suivant deux th\u00e8mes principaux :<\/p>\n<p>1 : Les relations avec nos\u00a0fournisseurs .<\/p>\n<p>2 : Les relations avec nos clients .<\/p>\n<h2><span style=\"color: #056365;\">Les relations avec nos fournisseurs<\/span><\/h2>\n<p> &gt; Le fournisseur a un devoir de conseil ,et ce, en toute compl\u00e9mentarit\u00e9 \u00a0avec les clients et les membres \"Votre Carreleur\"<\/p>\n<p> &gt; Les membres assisteront le plus fr\u00e9quemment possible aux r\u00e9unions techniques indispensables pour l'\u00e9volution de la profession.<\/p>\n<h2><span style=\"color: #056365;\">Les relations avec nos clients<\/span><\/h2>\n<p> &gt; Les membres \"Votre Carreleur\" s'engagent \u00e0 r\u00e9aliser des travaux de qualit\u00e9 dans les r\u00e8gles de l'art .<\/p>\n<p> &gt; Ils doivent \u00e9tablir un devis dans les meilleurs d\u00e9lais .\u00a0<\/p>\n<p> &gt; Les prises de rendez-vous se feront \u00e9galement rapidement .<\/p>\n<p> &gt; Faire le maximum pour tenir les d\u00e9lais d'ex\u00e9cution est bien sur souhaitable .<\/p>\n<\/div>\n<\/div><\/div><\/div><\/div><\/div>","protected":false},"excerpt":{"rendered":"<p>Base de la charte&gt; \u00a0La charte peut \u00eatre r\u00e9actualis\u00e9e \u00e0 chaque r\u00e9union avec la possibilit\u00e9 d&rsquo;inscrire de nouveaux membres ou d&rsquo;exclure des membres qui ne la respecteraient pas.&gt; Elle peut \u00eatre remani\u00e9e \u00e0 tout moment et ce, en fonction de l&rsquo;\u00e9volution de la profession .\u00a0 &gt; En aucun cas l&rsquo;Association &#8230;<\/p>\n","protected":false},"author":1,"featured_media":0,"parent":0,"menu_order":0,"comment_status":"closed","ping_status":"closed","template":"","meta":[],"yoast_head":"<!-- This site is optimized with the Yoast SEO plugin v18.0 - https:\/\/yoast.com\/wordpress\/plugins\/seo\/ -->\n<title>Notre charte - Votre Carreleur<\/title>\n<meta name=\"robots\" content=\"index, follow, max-snippet:-1, max-image-preview:large, max-video-preview:-1\" \/>\n<link rel=\"canonical\" href=\"https:\/\/votre-carreleur.com\/index.php\/notre-charte\/\" \/>\n<meta property=\"og:locale\" content=\"fr_FR\" \/>\n<meta property=\"og:type\" content=\"article\" \/>\n<meta property=\"og:title\" content=\"Notre charte - Votre Carreleur\" \/>\n<meta property=\"og:description\" content=\"Base de la charte&gt; \u00a0La charte peut \u00eatre r\u00e9actualis\u00e9e \u00e0 chaque r\u00e9union avec la possibilit\u00e9 d&#039;inscrire de nouveaux membres ou d&#039;exclure des membres qui ne la respecteraient pas.&gt; Elle peut \u00eatre remani\u00e9e \u00e0 tout moment et ce, en fonction de l&#039;\u00e9volution de la profession .\u00a0 &gt; En aucun cas l&#039;Association &#8230;\" \/>\n<meta property=\"og:url\" content=\"https:\/\/votre-carreleur.com\/index.php\/notre-charte\/\" \/>\n<meta property=\"og:site_name\" content=\"Votre Carreleur\" \/>\n<meta property=\"article:modified_time\" content=\"2016-09-13T08:18:27+00:00\" \/>\n<meta name=\"twitter:card\" content=\"summary\" \/>\n<meta name=\"twitter:label1\" content=\"Dur\u00e9e de lecture estim\u00e9e\" \/>\n\t<meta name=\"twitter:data1\" content=\"1 minute\" \/>\n<script type=\"application\/ld+json\" class=\"yoast-schema-graph\">{\"@context\":\"https:\/\/schema.org\",\"@graph\":[{\"@type\":\"WebSite\",\"@id\":\"https:\/\/votre-carreleur.com\/#website\",\"url\":\"https:\/\/votre-carreleur.com\/\",\"name\":\"Votre Carreleur\",\"description\":\"Des professionnels solidaires et fiers de leur m\u00e9tier\",\"potentialAction\":[{\"@type\":\"SearchAction\",\"target\":{\"@type\":\"EntryPoint\",\"urlTemplate\":\"https:\/\/votre-carreleur.com\/?s={search_term_string}\"},\"query-input\":\"required name=search_term_string\"}],\"inLanguage\":\"fr-FR\"},{\"@type\":\"WebPage\",\"@id\":\"https:\/\/votre-carreleur.com\/index.php\/notre-charte\/#webpage\",\"url\":\"https:\/\/votre-carreleur.com\/index.php\/notre-charte\/\",\"name\":\"Notre charte - Votre Carreleur\",\"isPartOf\":{\"@id\":\"https:\/\/votre-carreleur.com\/#website\"},\"datePublished\":\"2016-09-12T11:21:32+00:00\",\"dateModified\":\"2016-09-13T08:18:27+00:00\",\"breadcrumb\":{\"@id\":\"https:\/\/votre-carreleur.com\/index.php\/notre-charte\/#breadcrumb\"},\"inLanguage\":\"fr-FR\",\"potentialAction\":[{\"@type\":\"ReadAction\",\"target\":[\"https:\/\/votre-carreleur.com\/index.php\/notre-charte\/\"]}]},{\"@type\":\"BreadcrumbList\",\"@id\":\"https:\/\/votre-carreleur.com\/index.php\/notre-charte\/#breadcrumb\",\"itemListElement\":[{\"@type\":\"ListItem\",\"position\":1,\"name\":\"Accueil\",\"item\":\"https:\/\/votre-carreleur.com\/\"},{\"@type\":\"ListItem\",\"position\":2,\"name\":\"Notre charte\"}]}]}<\/script>\n<!-- \/ Yoast SEO plugin. -->","yoast_head_json":{"title":"Notre charte - Votre Carreleur","robots":{"index":"index","follow":"follow","max-snippet":"max-snippet:-1","max-image-preview":"max-image-preview:large","max-video-preview":"max-video-preview:-1"},"canonical":"https:\/\/votre-carreleur.com\/index.php\/notre-charte\/","og_locale":"fr_FR","og_type":"article","og_title":"Notre charte - Votre Carreleur","og_description":"Base de la charte&gt; \u00a0La charte peut \u00eatre r\u00e9actualis\u00e9e \u00e0 chaque r\u00e9union avec la possibilit\u00e9 d'inscrire de nouveaux membres ou d'exclure des membres qui ne la respecteraient pas.&gt; Elle peut \u00eatre remani\u00e9e \u00e0 tout moment et ce, en fonction de l'\u00e9volution de la profession .\u00a0 &gt; En aucun cas l'Association &#8230;","og_url":"https:\/\/votre-carreleur.com\/index.php\/notre-charte\/","og_site_name":"Votre Carreleur","article_modified_time":"2016-09-13T08:18:27+00:00","twitter_card":"summary","twitter_misc":{"Dur\u00e9e de lecture estim\u00e9e":"1 minute"},"schema":{"@context":"https:\/\/schema.org","@graph":[{"@type":"WebSite","@id":"https:\/\/votre-carreleur.com\/#website","url":"https:\/\/votre-carreleur.com\/","name":"Votre Carreleur","description":"Des professionnels solidaires et fiers de leur m\u00e9tier","potentialAction":[{"@type":"SearchAction","target":{"@type":"EntryPoint","urlTemplate":"https:\/\/votre-carreleur.com\/?s={search_term_string}"},"query-input":"required name=search_term_string"}],"inLanguage":"fr-FR"},{"@type":"WebPage","@id":"https:\/\/votre-carreleur.com\/index.php\/notre-charte\/#webpage","url":"https:\/\/votre-carreleur.com\/index.php\/notre-charte\/","name":"Notre charte - Votre Carreleur","isPartOf":{"@id":"https:\/\/votre-carreleur.com\/#website"},"datePublished":"2016-09-12T11:21:32+00:00","dateModified":"2016-09-13T08:18:27+00:00","breadcrumb":{"@id":"https:\/\/votre-carreleur.com\/index.php\/notre-charte\/#breadcrumb"},"inLanguage":"fr-FR","potentialAction":[{"@type":"ReadAction","target":["https:\/\/votre-carreleur.com\/index.php\/notre-charte\/"]}]},{"@type":"BreadcrumbList","@id":"https:\/\/votre-carreleur.com\/index.php\/notre-charte\/#breadcrumb","itemListElement":[{"@type":"ListItem","position":1,"name":"Accueil","item":"https:\/\/votre-carreleur.com\/"},{"@type":"ListItem","position":2,"name":"Notre charte"}]}]}},"_links":{"self":[{"href":"https:\/\/votre-carreleur.com\/index.php\/wp-json\/wp\/v2\/pages\/10"}],"collection":[{"href":"https:\/\/votre-carreleur.com\/index.php\/wp-json\/wp\/v2\/pages"}],"about":[{"href":"https:\/\/votre-carreleur.com\/index.php\/wp-json\/wp\/v2\/types\/page"}],"author":[{"embeddable":true,"href":"https:\/\/votre-carreleur.com\/index.php\/wp-json\/wp\/v2\/users\/1"}],"replies":[{"embeddable":true,"href":"https:\/\/votre-carreleur.com\/index.php\/wp-json\/wp\/v2\/comments?post=10"}],"version-history":[{"count":3,"href":"https:\/\/votre-carreleur.com\/index.php\/wp-json\/wp\/v2\/pages\/10\/revisions"}],"predecessor-version":[{"id":51,"href":"https:\/\/votre-carreleur.com\/index.php\/wp-json\/wp\/v2\/pages\/10\/revisions\/51"}],"wp:attachment":[{"href":"https:\/\/votre-carreleur.com\/index.php\/wp-json\/wp\/v2\/media?parent=10"}],"curies":[{"name":"wp","href":"https:\/\/api.w.org\/{rel}","templated":true}]}}